{"id":148,"date":"2021-08-03T13:19:37","date_gmt":"2021-08-03T13:19:37","guid":{"rendered":"https:\/\/tsaretta.origami-media.com\/?page_id=148"},"modified":"2024-11-29T12:43:49","modified_gmt":"2024-11-29T12:43:49","slug":"drinks","status":"publish","type":"page","link":"http:\/\/tsaretta.com\/fr\/drinks\/","title":{"rendered":"Boissons"},"content":{"rendered":"<p class=\"has-text-align-center\">Nous croyons qu'une excellente assiette de nourriture m\u00e9rite un excellent verre de vin, alors nous travaillons dur pour garder notre carte des vins cr\u00e9ative et inclusive de tous les go\u00fbts. Notre \u00e9quipe de restauration se fera \u00e9galement un plaisir de vous aider avec des recommandations.<\/p>\n\n\n\n<h2 id=\"block-aa4147-060d-43\" class=\"wp-block-gutenbee-heading block-aa4147-060d-43\">Vins Blancs<\/h2><style>.wp-block-gutenbee-heading.block-aa4147-060d-43 { margin-bottom: 50px; font-size: 46px; text-align: center; }<\/style>\n\n\n\n<div id=\"block-291424-8d99-42\" class=\"wp-block-gutenbee-food-menu block-291424-8d99-42 gutenbee-food-menu-columns-desktop-1 gutenbee-food-menu-columns-tablet-1 gutenbee-food-menu-columns-mobile-1\">\n<div class=\"wp-block-gutenbee-food-menu-item block-dc64b2-3e1b-43\"><style>.block-dc64b2-3e1b-43 { align-items: flex-start; }<\/style>\n<figure id=\"block-f4b375-636c-47\" class=\"wp-block-gutenbee-image block-f4b375-636c-47 size-thumbnail\"><style>.wp-block-gutenbee-image.block-f4b375-636c-47 img { width: 10px; }<\/style><img width=\"150\" height=\"150\" src=\"http:\/\/tsaretta.com\/wp-content\/uploads\/2022\/08\/chili-0-1.png\" alt=\"\" class=\"wp-image-273\"\/><\/figure>\n\n\n\n<div class=\"wp-block-gutenbee-food-menu-wrapper wp-block-gutenbee-food-menu-item-wrapper\">\n<h5 id=\"block-a3b88c-e699-4f\" class=\"wp-block-gutenbee-heading block-a3b88c-e699-4f\"><br>Grands Chemins Marsanne Viognier<\/h5><style>.wp-block-gutenbee-heading.block-a3b88c-e699-4f { font-size: 24px; }<\/style>\n\n\n\n<p id=\"block-254177-13f8-48\" class=\"wp-block-gutenbee-paragraph block-254177-13f8-48 wp-block-gutenbee-food-menu-item-price\">24\u20ac<\/p><style>.wp-block-gutenbee-paragraph.block-254177-13f8-48 { font-size: 24px; }<\/style>\n\n\n\n<p id=\"block-d5ce31-ab70-41\" class=\"wp-block-gutenbee-paragraph block-d5ce31-ab70-41\">France &#8211; Languedoc-Roussillon<\/p>\n<\/div>\n<\/div>\n\n\n\n<div class=\"wp-block-gutenbee-food-menu-item block-db808a-e728-46\"><style>.block-db808a-e728-46 { align-items: flex-start; }<\/style>\n<figure id=\"block-8646da-95ef-46\" class=\"wp-block-gutenbee-image block-8646da-95ef-46 size-thumbnail\"><style>.wp-block-gutenbee-image.block-8646da-95ef-46 img { width: 10px; }<\/style><img width=\"150\" height=\"150\" src=\"http:\/\/tsaretta.com\/wp-content\/uploads\/2022\/08\/chili-0-1.png\" alt=\"\" class=\"wp-image-273\"\/><\/figure>\n\n\n\n<div class=\"wp-block-gutenbee-food-menu-wrapper wp-block-gutenbee-food-menu-item-wrapper\">\n<h5 id=\"block-3eb00c-36ad-4d\" class=\"wp-block-gutenbee-heading block-3eb00c-36ad-4d\">Le Versant Sauvignon Blanc<\/h5><style>.wp-block-gutenbee-heading.block-3eb00c-36ad-4d { font-size: 24px; }<\/style>\n\n\n\n<p id=\"block-007a82-dae8-44\" class=\"wp-block-gutenbee-paragraph block-007a82-dae8-44 wp-block-gutenbee-food-menu-item-price\">34\u20ac<\/p><style>.wp-block-gutenbee-paragraph.block-007a82-dae8-44 { font-size: 24px; }<\/style>\n\n\n\n<p id=\"block-5979a0-0616-44\" class=\"wp-block-gutenbee-paragraph block-5979a0-0616-44\">France, IGP Pays d&#8217;Oc<\/p>\n<\/div>\n<\/div>\n\n\n\n<div class=\"wp-block-gutenbee-food-menu-item block-e308bd-cca8-4d\"><style>.block-e308bd-cca8-4d { align-items: flex-start; }<\/style>\n<figure id=\"block-8aca28-bde2-46\" class=\"wp-block-gutenbee-image block-8aca28-bde2-46 size-thumbnail\"><style>.wp-block-gutenbee-image.block-8aca28-bde2-46 img { width: 10px; }<\/style><img width=\"150\" height=\"150\" src=\"http:\/\/tsaretta.com\/wp-content\/uploads\/2022\/08\/chili-0-1.png\" alt=\"\" class=\"wp-image-273\"\/><\/figure>\n\n\n\n<div class=\"wp-block-gutenbee-food-menu-wrapper wp-block-gutenbee-food-menu-item-wrapper\">\n<h5 id=\"block-6539a3-d930-41\" class=\"wp-block-gutenbee-heading block-6539a3-d930-41\">Marechal Apremont<\/h5><style>.wp-block-gutenbee-heading.block-6539a3-d930-41 { font-size: 24px; }<\/style>\n\n\n\n<p id=\"block-0e8b3b-1342-42\" class=\"wp-block-gutenbee-paragraph block-0e8b3b-1342-42 wp-block-gutenbee-food-menu-item-price\">37\u20ac<\/p><style>.wp-block-gutenbee-paragraph.block-0e8b3b-1342-42 { font-size: 24px; }<\/style>\n\n\n\n<p id=\"block-866c76-12bd-41\" class=\"wp-block-gutenbee-paragraph block-866c76-12bd-41\">France, Savoie<\/p>\n<\/div>\n<\/div>\n\n\n\n<div class=\"wp-block-gutenbee-food-menu-item block-82fcaa-aed7-46\"><style>.block-82fcaa-aed7-46 { align-items: flex-start; }<\/style>\n<figure id=\"block-6f1ce8-9f37-43\" class=\"wp-block-gutenbee-image block-6f1ce8-9f37-43 size-thumbnail\"><style>.wp-block-gutenbee-image.block-6f1ce8-9f37-43 img { width: 10px; }<\/style><img width=\"150\" height=\"150\" src=\"http:\/\/tsaretta.com\/wp-content\/uploads\/2022\/08\/chili-0-1.png\" alt=\"\" class=\"wp-image-273\"\/><\/figure>\n\n\n\n<div class=\"wp-block-gutenbee-food-menu-wrapper wp-block-gutenbee-food-menu-item-wrapper\">\n<h5 id=\"block-d7e9ee-7122-43\" class=\"wp-block-gutenbee-heading block-d7e9ee-7122-43\">La Foule Chardonnay<\/h5><style>.wp-block-gutenbee-heading.block-d7e9ee-7122-43 { font-size: 24px; }<\/style>\n\n\n\n<p id=\"block-e0a00e-77bb-4b\" class=\"wp-block-gutenbee-paragraph block-e0a00e-77bb-4b wp-block-gutenbee-food-menu-item-price\">39\u20ac<\/p><style>.wp-block-gutenbee-paragraph.block-e0a00e-77bb-4b { font-size: 24px; }<\/style>\n\n\n\n<p id=\"block-455e5c-d033-4e\" class=\"wp-block-gutenbee-paragraph block-455e5c-d033-4e\">France, IGP Pays d&#8217;Oc<\/p>\n<\/div>\n<\/div>\n<\/div>\n\n\n\n<h2 id=\"block-a96ee3-3cd4-45\" class=\"wp-block-gutenbee-heading block-a96ee3-3cd4-45\">Vins ros\u00e9s<\/h2><style>.wp-block-gutenbee-heading.block-a96ee3-3cd4-45 { margin-bottom: 50px; font-size: 46px; text-align: center; }<\/style>\n\n\n\n<div id=\"block-cd9afc-72bc-47\" class=\"wp-block-gutenbee-food-menu block-cd9afc-72bc-47 gutenbee-food-menu-columns-desktop-1 gutenbee-food-menu-columns-tablet-1 gutenbee-food-menu-columns-mobile-1\">\n<div class=\"wp-block-gutenbee-food-menu-item block-27856d-d0d5-47\"><style>.block-27856d-d0d5-47 { align-items: flex-start; }<\/style>\n<figure id=\"block-d8f6ae-a155-4c\" class=\"wp-block-gutenbee-image block-d8f6ae-a155-4c size-thumbnail\"><style>.wp-block-gutenbee-image.block-d8f6ae-a155-4c img { width: 10px; }<\/style><img width=\"150\" height=\"150\" src=\"http:\/\/tsaretta.com\/wp-content\/uploads\/2022\/08\/chili-0-1.png\" alt=\"\" class=\"wp-image-273\"\/><\/figure>\n\n\n\n<div class=\"wp-block-gutenbee-food-menu-wrapper wp-block-gutenbee-food-menu-item-wrapper\">\n<h5 id=\"block-6e877c-c3ef-4a\" class=\"wp-block-gutenbee-heading block-6e877c-c3ef-4a\">Canal Rose<\/h5><style>.wp-block-gutenbee-heading.block-6e877c-c3ef-4a { font-size: 24px; }<\/style>\n\n\n\n<p id=\"block-8c4e0c-b9d0-4d\" class=\"wp-block-gutenbee-paragraph block-8c4e0c-b9d0-4d wp-block-gutenbee-food-menu-item-price\">24\u20ac<\/p><style>.wp-block-gutenbee-paragraph.block-8c4e0c-b9d0-4d { font-size: 24px; }<\/style>\n\n\n\n<p id=\"block-79c65e-abdb-4a\" class=\"wp-block-gutenbee-paragraph block-79c65e-abdb-4a\">France &#8211; Languedoc-Roussillon<\/p>\n<\/div>\n<\/div>\n\n\n\n<div class=\"wp-block-gutenbee-food-menu-item block-3be69e-9683-4a\"><style>.block-3be69e-9683-4a { align-items: flex-start; }<\/style>\n<figure id=\"block-01dfc8-27ec-43\" class=\"wp-block-gutenbee-image block-01dfc8-27ec-43 size-thumbnail\"><style>.wp-block-gutenbee-image.block-01dfc8-27ec-43 img { width: 10px; }<\/style><img width=\"150\" height=\"150\" src=\"http:\/\/tsaretta.com\/wp-content\/uploads\/2022\/08\/chili-0-1.png\" alt=\"\" class=\"wp-image-273\"\/><\/figure>\n\n\n\n<div class=\"wp-block-gutenbee-food-menu-wrapper wp-block-gutenbee-food-menu-item-wrapper\">\n<h5 id=\"block-b1ff32-4299-4c\" class=\"wp-block-gutenbee-heading block-b1ff32-4299-4c\">Pink Diesel Rose<\/h5><style>.wp-block-gutenbee-heading.block-b1ff32-4299-4c { font-size: 24px; }<\/style>\n\n\n\n<p id=\"block-80b421-e89f-4e\" class=\"wp-block-gutenbee-paragraph block-80b421-e89f-4e wp-block-gutenbee-food-menu-item-price\">38\u20ac<\/p><style>.wp-block-gutenbee-paragraph.block-80b421-e89f-4e { font-size: 24px; }<\/style>\n\n\n\n<p id=\"block-62117c-805c-46\" class=\"wp-block-gutenbee-paragraph block-62117c-805c-46\">France &#8211; Provence<\/p>\n<\/div>\n<\/div>\n<\/div>\n\n\n\n<h2 id=\"block-08ccd9-8aca-4b\" class=\"wp-block-gutenbee-heading block-08ccd9-8aca-4b\">Vins Rouges<\/h2><style>.wp-block-gutenbee-heading.block-08ccd9-8aca-4b { margin-bottom: 50px; font-size: 46px; text-align: center; }<\/style>\n\n\n\n<div id=\"block-63c025-b2f1-4e\" class=\"wp-block-gutenbee-food-menu block-63c025-b2f1-4e gutenbee-food-menu-columns-desktop-1 gutenbee-food-menu-columns-tablet-1 gutenbee-food-menu-columns-mobile-1\">\n<div class=\"wp-block-gutenbee-food-menu-item block-f85229-2594-4b\"><style>.block-f85229-2594-4b { align-items: flex-start; }<\/style>\n<figure id=\"block-ef99a7-1dc5-42\" class=\"wp-block-gutenbee-image block-ef99a7-1dc5-42\"><style>.wp-block-gutenbee-image.block-ef99a7-1dc5-42 img { width: 10px; }<\/style><img width=\"150\" height=\"150\" src=\"http:\/\/tsaretta.com\/wp-content\/uploads\/2022\/08\/chili-0-1.png\" alt=\"\" class=\"wp-image-273\"\/><\/figure>\n\n\n\n<div class=\"wp-block-gutenbee-food-menu-wrapper wp-block-gutenbee-food-menu-item-wrapper\">\n<h5 id=\"block-984ff9-4537-47\" class=\"wp-block-gutenbee-heading block-984ff9-4537-47\">Croisade Carignan Vielles Vignes<\/h5><style>.wp-block-gutenbee-heading.block-984ff9-4537-47 { font-size: 22px; }<\/style>\n\n\n\n<p id=\"block-6a3a13-0edc-49\" class=\"wp-block-gutenbee-paragraph block-6a3a13-0edc-49 wp-block-gutenbee-food-menu-item-price\">24\u20ac<\/p><style>.wp-block-gutenbee-paragraph.block-6a3a13-0edc-49 { font-size: 24px; }<\/style>\n\n\n\n<p id=\"block-a9069d-39dd-40\" class=\"wp-block-gutenbee-paragraph block-a9069d-39dd-40\">France &#8211; Languedoc-Roussillon<\/p>\n<\/div>\n<\/div>\n\n\n\n<div class=\"wp-block-gutenbee-food-menu-item block-58357f-0748-4d\"><style>.block-58357f-0748-4d { align-items: flex-start; }<\/style>\n<figure id=\"block-bb4818-6c3d-49\" class=\"wp-block-gutenbee-image block-bb4818-6c3d-49\"><style>.wp-block-gutenbee-image.block-bb4818-6c3d-49 img { width: 10px; }<\/style><img width=\"150\" height=\"150\" src=\"http:\/\/tsaretta.com\/wp-content\/uploads\/2022\/08\/chili-0-1.png\" alt=\"\" class=\"wp-image-273\"\/><\/figure>\n\n\n\n<div class=\"wp-block-gutenbee-food-menu-wrapper wp-block-gutenbee-food-menu-item-wrapper\">\n<h5 id=\"block-615745-bf81-4a\" class=\"wp-block-gutenbee-heading block-615745-bf81-4a\">Pure Altitude Pinot Noir<\/h5><style>.wp-block-gutenbee-heading.block-615745-bf81-4a { font-size: 22px; }<\/style>\n\n\n\n<p id=\"block-e187a9-d48a-41\" class=\"wp-block-gutenbee-paragraph block-e187a9-d48a-41 wp-block-gutenbee-food-menu-item-price\">33\u20ac<\/p><style>.wp-block-gutenbee-paragraph.block-e187a9-d48a-41 { font-size: 24px; }<\/style>\n\n\n\n<p id=\"block-276783-8fd1-46\" class=\"wp-block-gutenbee-paragraph block-276783-8fd1-46\">France, Languedoc-Roussillon<\/p>\n<\/div>\n<\/div>\n\n\n\n<div class=\"wp-block-gutenbee-food-menu-item block-677395-342c-43\"><style>.block-677395-342c-43 { align-items: flex-start; }<\/style>\n<figure id=\"block-8ed861-ec1c-44\" class=\"wp-block-gutenbee-image block-8ed861-ec1c-44\"><style>.wp-block-gutenbee-image.block-8ed861-ec1c-44 img { width: 10px; }<\/style><img width=\"150\" height=\"150\" src=\"http:\/\/tsaretta.com\/wp-content\/uploads\/2022\/08\/chili-0-1.png\" alt=\"\" class=\"wp-image-273\"\/><\/figure>\n\n\n\n<div class=\"wp-block-gutenbee-food-menu-wrapper wp-block-gutenbee-food-menu-item-wrapper\">\n<h5 id=\"block-f5a907-88f0-45\" class=\"wp-block-gutenbee-heading block-f5a907-88f0-45\">Ch\u00e2teau Montfrin Cotes du Rh\u00f4ne<\/h5><style>.wp-block-gutenbee-heading.block-f5a907-88f0-45 { font-size: 22px; }<\/style>\n\n\n\n<p id=\"block-7f5e9f-7de6-44\" class=\"wp-block-gutenbee-paragraph block-7f5e9f-7de6-44 wp-block-gutenbee-food-menu-item-price\">40\u20ac<\/p><style>.wp-block-gutenbee-paragraph.block-7f5e9f-7de6-44 { font-size: 24px; }<\/style>\n\n\n\n<p id=\"block-e9d2f7-26d9-40\" class=\"wp-block-gutenbee-paragraph block-e9d2f7-26d9-40\">France &#8211; Vall\u00e9e du Rh\u00f4ne<\/p>\n<\/div>\n<\/div>\n\n\n\n<div class=\"wp-block-gutenbee-food-menu-item block-b3df43-8d5c-46\"><style>.block-b3df43-8d5c-46 { align-items: flex-start; }<\/style>\n<figure id=\"block-849003-3765-49\" class=\"wp-block-gutenbee-image block-849003-3765-49\"><style>.wp-block-gutenbee-image.block-849003-3765-49 img { width: 10px; }<\/style><img width=\"150\" height=\"150\" src=\"http:\/\/tsaretta.com\/wp-content\/uploads\/2022\/08\/chili-0-1.png\" alt=\"\" class=\"wp-image-273\"\/><\/figure>\n\n\n\n<div class=\"wp-block-gutenbee-food-menu-wrapper wp-block-gutenbee-food-menu-item-wrapper\">\n<h5 id=\"block-a41005-d3e8-42\" class=\"wp-block-gutenbee-heading block-a41005-d3e8-42\">Ch\u00e2teau Laurence Petite Laurence<\/h5><style>.wp-block-gutenbee-heading.block-a41005-d3e8-42 { font-size: 22px; }<\/style>\n\n\n\n<p id=\"block-8ec394-8287-49\" class=\"wp-block-gutenbee-paragraph block-8ec394-8287-49 wp-block-gutenbee-food-menu-item-price\">45\u20ac<\/p><style>.wp-block-gutenbee-paragraph.block-8ec394-8287-49 { font-size: 24px; }<\/style>\n\n\n\n<p id=\"block-166de1-ef66-44\" class=\"wp-block-gutenbee-paragraph block-166de1-ef66-44\">France, Bordeaux<\/p>\n<\/div>\n<\/div>\n<\/div>\n\n\n\n<h2 id=\"block-a245c4-4be8-43\" class=\"wp-block-gutenbee-heading block-a245c4-4be8-43\">Bulles<\/h2><style>.wp-block-gutenbee-heading.block-a245c4-4be8-43 { margin-bottom: 50px; font-size: 46px; text-align: center; }<\/style>\n\n\n\n<div id=\"block-2cba9c-4a9a-4a\" class=\"wp-block-gutenbee-food-menu block-2cba9c-4a9a-4a gutenbee-food-menu-columns-desktop-2 gutenbee-food-menu-columns-tablet-1 gutenbee-food-menu-columns-mobile-1\">\n<div class=\"wp-block-gutenbee-food-menu-item block-6b5a78-70be-42\"><style>.block-6b5a78-70be-42 { align-items: flex-start; }<\/style>\n<figure id=\"block-14fd19-6f2f-45\" class=\"wp-block-gutenbee-image block-14fd19-6f2f-45 size-thumbnail\"><style>.wp-block-gutenbee-image.block-14fd19-6f2f-45 img { width: 10px; }<\/style><img width=\"150\" height=\"150\" src=\"http:\/\/tsaretta.com\/wp-content\/uploads\/2022\/08\/chili-0-1.png\" alt=\"\" class=\"wp-image-273\"\/><\/figure>\n\n\n\n<div class=\"wp-block-gutenbee-food-menu-wrapper wp-block-gutenbee-food-menu-item-wrapper\">\n<h5 id=\"block-4a6cd2-47ab-4a\" class=\"wp-block-gutenbee-heading block-4a6cd2-47ab-4a\">Spumante BArone Montalto Premiere Cuvee<\/h5><style>.wp-block-gutenbee-heading.block-4a6cd2-47ab-4a { font-size: 24px; }<\/style>\n\n\n\n<p id=\"block-c849ea-e3fb-45\" class=\"wp-block-gutenbee-paragraph block-c849ea-e3fb-45 wp-block-gutenbee-food-menu-item-price\">36\u20ac<\/p><style>.wp-block-gutenbee-paragraph.block-c849ea-e3fb-45 { font-size: 24px; }<\/style>\n\n\n\n<p id=\"block-d2e16d-d93c-48\" class=\"wp-block-gutenbee-paragraph block-d2e16d-d93c-48\">Italy (Veneto)<\/p>\n<\/div>\n<\/div>\n\n\n\n<div class=\"wp-block-gutenbee-food-menu-item block-4d899b-60d2-4a\"><style>.block-4d899b-60d2-4a { align-items: flex-start; }<\/style>\n<figure id=\"block-2b99b6-9803-44\" class=\"wp-block-gutenbee-image block-2b99b6-9803-44 size-thumbnail\"><style>.wp-block-gutenbee-image.block-2b99b6-9803-44 img { width: 10px; }<\/style><img width=\"150\" height=\"150\" src=\"http:\/\/tsaretta.com\/wp-content\/uploads\/2022\/08\/chili-0-1.png\" alt=\"\" class=\"wp-image-273\"\/><\/figure>\n\n\n\n<div class=\"wp-block-gutenbee-food-menu-wrapper wp-block-gutenbee-food-menu-item-wrapper\">\n<h5 id=\"block-96d693-24c0-40\" class=\"wp-block-gutenbee-heading block-96d693-24c0-40\">Cremant de Savoie Phillippe Betemps<\/h5><style>.wp-block-gutenbee-heading.block-96d693-24c0-40 { font-size: 24px; }<\/style>\n\n\n\n<p id=\"block-c9f129-da26-48\" class=\"wp-block-gutenbee-paragraph block-c9f129-da26-48 wp-block-gutenbee-food-menu-item-price\">40\u20ac<\/p><style>.wp-block-gutenbee-paragraph.block-c9f129-da26-48 { font-size: 24px; }<\/style>\n\n\n\n<p id=\"block-afe0a8-7466-43\" class=\"wp-block-gutenbee-paragraph block-afe0a8-7466-43\">France &#8211; Champagne<\/p>\n<\/div>\n<\/div>\n<\/div>","protected":false},"excerpt":{"rendered":"<p> .<\/p>","protected":false},"author":1,"featured_media":0,"parent":0,"menu_order":0,"comment_status":"closed","ping_status":"closed","template":"templates\/template-fullwidth-narrow.php","meta":{"_mi_skip_tracking":false,"_EventAllDay":false,"_EventTimezone":"","_EventStartDate":"","_EventEndDate":"","_EventStartDateUTC":"","_EventEndDateUTC":"","_EventShowMap":false,"_EventShowMapLink":false,"_EventURL":"","_EventCost":"","_EventCostDescription":"","_EventCurrencySymbol":"","_EventCurrencyCode":"","_EventCurrencyPosition":"","_EventDateTimeSeparator":"","_EventTimeRangeSeparator":"","_EventOrganizerID":[],"_EventVenueID":0,"_OrganizerEmail":"","_OrganizerPhone":"","_OrganizerWebsite":"","_VenueAddress":"","_VenueCity":"","_VenueCountry":"","_VenueProvince":"","_VenueZip":"","_VenuePhone":"","_VenueURL":"","_VenueStateProvince":"","_VenueLat":"","_VenueLng":""},"_links":{"self":[{"href":"http:\/\/tsaretta.com\/fr\/wp-json\/wp\/v2\/pages\/148"}],"collection":[{"href":"http:\/\/tsaretta.com\/fr\/wp-json\/wp\/v2\/pages"}],"about":[{"href":"http:\/\/tsaretta.com\/fr\/wp-json\/wp\/v2\/types\/page"}],"author":[{"embeddable":true,"href":"http:\/\/tsaretta.com\/fr\/wp-json\/wp\/v2\/users\/1"}],"replies":[{"embeddable":true,"href":"http:\/\/tsaretta.com\/fr\/wp-json\/wp\/v2\/comments?post=148"}],"version-history":[{"count":29,"href":"http:\/\/tsaretta.com\/fr\/wp-json\/wp\/v2\/pages\/148\/revisions"}],"predecessor-version":[{"id":736,"href":"http:\/\/tsaretta.com\/fr\/wp-json\/wp\/v2\/pages\/148\/revisions\/736"}],"wp:attachment":[{"href":"http:\/\/tsaretta.com\/fr\/wp-json\/wp\/v2\/media?parent=148"}],"curies":[{"name":"wp","href":"https:\/\/api.w.org\/{rel}","templated":true}]}}