{"id":804,"date":"2021-08-03T13:10:12","date_gmt":"2021-08-03T13:10:12","guid":{"rendered":"https:\/\/tsaretta.com\/?page_id=804"},"modified":"2026-01-23T15:27:31","modified_gmt":"2026-01-23T15:27:31","slug":"events-1","status":"publish","type":"page","link":"http:\/\/tsaretta.com\/fr\/events-1\/","title":{"rendered":"Live Music, Sports &#038; Events"},"content":{"rendered":"<div class=\"wp-block-media-text is-stacked-on-mobile is-style-ignition-korina-animated-images\"><figure class=\"wp-block-media-text__media\"><img width=\"819\" height=\"1024\" src=\"https:\/\/tsaretta.com\/wp-content\/uploads\/2025\/03\/Whats-on-story-1080-x-1350-px-819x1024.png\" alt=\"\" class=\"wp-image-949 size-full\" srcset=\"https:\/\/tsaretta.com\/wp-content\/uploads\/2025\/03\/Whats-on-story-1080-x-1350-px-819x1024.png 819w, https:\/\/tsaretta.com\/wp-content\/uploads\/2025\/03\/Whats-on-story-1080-x-1350-px-240x300.png 240w, https:\/\/tsaretta.com\/wp-content\/uploads\/2025\/03\/Whats-on-story-1080-x-1350-px-768x960.png 768w, https:\/\/tsaretta.com\/wp-content\/uploads\/2025\/03\/Whats-on-story-1080-x-1350-px-10x12.png 10w, https:\/\/tsaretta.com\/wp-content\/uploads\/2025\/03\/Whats-on-story-1080-x-1350-px.png 1080w\" sizes=\"(max-width: 819px) 100vw, 819px\" \/><\/figure><div class=\"wp-block-media-text__content\">\n<h3 class=\"theme-animated-title\">Musique live de Tsaretta<\/h3>\n\n\n\n<p><strong> Musique live hebdomadaire \u00e0 Tsaretta, votre escapade alpine <\/strong><\/p>\n\n\n\n<p>Looking for the perfect spot to unwind after a day in the mountains? Come enjoy live music at Tsaretta!<\/p>\n\n\n\n<p>Rassemblez vos amis et faites de cette soir\u00e9e un moment inoubliable.<\/p>\n\n\n\n<h3 class=\"theme-animated-title\">R\u00e9servez un \u00e9v\u00e9nement priv\u00e9<\/h3>\n\n\n\n<p>R\u00e9servez votre \u00e9v\u00e9nement priv\u00e9 avec nous pour n'importe quelle occasion ! Contactez-nous d\u00e8s aujourd'hui pour discuter de vos projets et laissez-nous vous aider \u00e0 rendre votre \u00e9v\u00e9nement inoubliable.<\/p>\n<\/div><\/div>\n\n\n\n<div class=\"wp-block-media-text has-media-on-the-right is-stacked-on-mobile is-style-ignition-korina-animated-images\"><figure class=\"wp-block-media-text__media\"><img width=\"819\" height=\"1024\" src=\"https:\/\/tsaretta.com\/wp-content\/uploads\/2025\/03\/Ivory-Modern-Sports-Event-Poster-819x1024.png\" alt=\"\" class=\"wp-image-945 size-medium\" srcset=\"https:\/\/tsaretta.com\/wp-content\/uploads\/2025\/03\/Ivory-Modern-Sports-Event-Poster-819x1024.png 819w, https:\/\/tsaretta.com\/wp-content\/uploads\/2025\/03\/Ivory-Modern-Sports-Event-Poster-240x300.png 240w, https:\/\/tsaretta.com\/wp-content\/uploads\/2025\/03\/Ivory-Modern-Sports-Event-Poster-768x960.png 768w, https:\/\/tsaretta.com\/wp-content\/uploads\/2025\/03\/Ivory-Modern-Sports-Event-Poster-10x12.png 10w, https:\/\/tsaretta.com\/wp-content\/uploads\/2025\/03\/Ivory-Modern-Sports-Event-Poster.png 1080w\" sizes=\"(max-width: 819px) 100vw, 819px\" \/><\/figure><div class=\"wp-block-media-text__content\">\n<h3 class=\"theme-animated-title\">Sports Events<\/h3>\n\n\n\n<p>Watch all the major sporting events throughout the year at Tsaretta Bar and Restaurant.<\/p>\n\n\n\n<p><\/p>\n\n\n\n<p><\/p>\n\n\n\n<p>. <\/p>\n<\/div><\/div>\n\n\n\n<div class=\"wp-block-gutenbee-spacer block-c654d0-d4c2-46 gutenbee-hidden-mobile\" aria-hidden=\"true\"><style>.wp-block-gutenbee-spacer.block-c654d0-d4c2-46 { height: 70px; }\n\n\n      @media (max-width: 991px) {\n        .wp-block-gutenbee-spacer.block-c654d0-d4c2-46 { height: 50px; }\n      }\n    \n\n      @media (max-width: 575px) {\n        .wp-block-gutenbee-spacer.block-c654d0-d4c2-46 { height: 30px; }\n      }<\/style><div class=\"wp-block-gutenbee-spacer-background\" data-parallax-speed=\"0.3\"><\/div><\/div>\n\n\n\n<div class=\"wp-block-gutenbee-spacer block-1278f8-6633-4a gutenbee-hidden-mobile\" aria-hidden=\"true\"><style>.wp-block-gutenbee-spacer.block-1278f8-6633-4a { height: 70px; }\n\n\n      @media (max-width: 991px) {\n        .wp-block-gutenbee-spacer.block-1278f8-6633-4a { height: 50px; }\n      }\n    \n\n      @media (max-width: 575px) {\n        .wp-block-gutenbee-spacer.block-1278f8-6633-4a { height: 30px; }\n      }<\/style><div class=\"wp-block-gutenbee-spacer-background\" data-parallax-speed=\"0.3\"><\/div><\/div>\n\n\n\n<div class=\"wp-block-media-text is-stacked-on-mobile is-style-ignition-korina-animated-images\"><figure class=\"wp-block-media-text__media\"><img width=\"1024\" height=\"683\" src=\"https:\/\/tsaretta.com\/wp-content\/uploads\/2022\/06\/meribel-live-music-venue-1024x683.jpeg\" alt=\"\" class=\"wp-image-114 size-full\" srcset=\"https:\/\/tsaretta.com\/wp-content\/uploads\/2022\/06\/meribel-live-music-venue-1024x683.jpeg 1024w, https:\/\/tsaretta.com\/wp-content\/uploads\/2022\/06\/meribel-live-music-venue-300x200.jpeg 300w, https:\/\/tsaretta.com\/wp-content\/uploads\/2022\/06\/meribel-live-music-venue-768x512.jpeg 768w, https:\/\/tsaretta.com\/wp-content\/uploads\/2022\/06\/meribel-live-music-venue-1536x1025.jpeg 1536w, https:\/\/tsaretta.com\/wp-content\/uploads\/2022\/06\/meribel-live-music-venue-960x640.jpeg 960w, https:\/\/tsaretta.com\/wp-content\/uploads\/2022\/06\/meribel-live-music-venue-615x410.jpeg 615w, https:\/\/tsaretta.com\/wp-content\/uploads\/2022\/06\/meribel-live-music-venue-1170x780.jpeg 1170w, https:\/\/tsaretta.com\/wp-content\/uploads\/2022\/06\/meribel-live-music-venue.jpeg 1800w\" sizes=\"(max-width: 1024px) 100vw, 1024px\" \/><\/figure><div class=\"wp-block-media-text__content\">\n<h3 class=\"theme-animated-title\">\u00c9v\u00e9nements annuels<\/h3>\n\n\n\n<p><strong>F\u00eatez avec nous !<\/strong><\/p>\n\n\n\n<p>Rejoignez-nous pour une ann\u00e9e de moments inoubliables et de d\u00e9licieuses c\u00e9l\u00e9brations ! Des f\u00eates aux joyeuses traditions locales, nous avons quelque chose de sp\u00e9cial pour tout le monde.<\/p>\n\n\n\n<p> <strong>Menus sp\u00e9ciaux pour No\u00ebl et le Nouvel An<\/strong> - Laissez-vous tenter par des plats de saison all\u00e9chants et portez un toast aux f\u00eates de fin d'ann\u00e9e gr\u00e2ce \u00e0 nos menus festifs exclusifs.<\/p>\n\n\n\n<p> <strong>La Saint-Valentin<\/strong> - Offrez \u00e0 votre moiti\u00e9 une exp\u00e9rience gastronomique romantique gr\u00e2ce \u00e0 notre menu soigneusement \u00e9labor\u00e9, parfait pour une soir\u00e9e m\u00e9morable.<\/p>\n\n\n\n<p> <strong>F\u00eate locale d'\u00e9t\u00e9<\/strong> <strong>Fanfou\u00e9<\/strong> Rejoignez-nous pour la traditionnelle F\u00eate des Allues. Plongez au c\u0153ur des traditions locales avec un d\u00e9fil\u00e9 de rue anim\u00e9 et des stands proposant une vari\u00e9t\u00e9 de produits locaux \u00e0 d\u00e9guster !<\/p>\n\n\n\n<p><strong> La F\u00eate Nationale<\/strong> - D\u00e9couvrez l'esprit de notre communaut\u00e9 avec des c\u00e9l\u00e9brations anim\u00e9es et un feu d'artifice. Venez pour les festivit\u00e9s, restez pour les bons moments !<\/p>\n\n\n\n<p>Lors de nos \u00e9v\u00e9nements annuels, vous vous souviendrez longtemps de vos amis, de votre famille et de ceux qui vous sont chers. Nous sommes impatients de partager ces moments privil\u00e9gi\u00e9s avec vous !<\/p>\n\n\n\n<figure class=\"wp-block-image size-full\"><img width=\"438\" height=\"660\" src=\"https:\/\/tsaretta.com\/wp-content\/uploads\/2025\/02\/Screenshot-2025-02-19-at-17.06.43-1.png\" alt=\"\" class=\"wp-image-837\" srcset=\"https:\/\/tsaretta.com\/wp-content\/uploads\/2025\/02\/Screenshot-2025-02-19-at-17.06.43-1.png 438w, https:\/\/tsaretta.com\/wp-content\/uploads\/2025\/02\/Screenshot-2025-02-19-at-17.06.43-1-199x300.png 199w, https:\/\/tsaretta.com\/wp-content\/uploads\/2025\/02\/Screenshot-2025-02-19-at-17.06.43-1-8x12.png 8w\" sizes=\"(max-width: 438px) 100vw, 438px\" \/><\/figure>\n<\/div><\/div>","protected":false},"excerpt":{"rendered":"<p>Les Allues Meribel France<\/p>","protected":false},"author":3,"featured_media":0,"parent":0,"menu_order":0,"comment_status":"closed","ping_status":"closed","template":"templates\/template-fullwidth-boxed.php","meta":{"_mi_skip_tracking":false,"_EventAllDay":false,"_EventTimezone":"","_EventStartDate":"","_EventEndDate":"","_EventStartDateUTC":"","_EventEndDateUTC":"","_EventShowMap":false,"_EventShowMapLink":false,"_EventURL":"","_EventCost":"","_EventCostDescription":"","_EventCurrencySymbol":"","_EventCurrencyCode":"","_EventCurrencyPosition":"","_EventDateTimeSeparator":"","_EventTimeRangeSeparator":"","_EventOrganizerID":[],"_EventVenueID":0,"_OrganizerEmail":"","_OrganizerPhone":"","_OrganizerWebsite":"","_VenueAddress":"","_VenueCity":"","_VenueCountry":"","_VenueProvince":"","_VenueZip":"","_VenuePhone":"","_VenueURL":"","_VenueStateProvince":"","_VenueLat":"","_VenueLng":""},"_links":{"self":[{"href":"http:\/\/tsaretta.com\/fr\/wp-json\/wp\/v2\/pages\/804"}],"collection":[{"href":"http:\/\/tsaretta.com\/fr\/wp-json\/wp\/v2\/pages"}],"about":[{"href":"http:\/\/tsaretta.com\/fr\/wp-json\/wp\/v2\/types\/page"}],"author":[{"embeddable":true,"href":"http:\/\/tsaretta.com\/fr\/wp-json\/wp\/v2\/users\/3"}],"replies":[{"embeddable":true,"href":"http:\/\/tsaretta.com\/fr\/wp-json\/wp\/v2\/comments?post=804"}],"version-history":[{"count":41,"href":"http:\/\/tsaretta.com\/fr\/wp-json\/wp\/v2\/pages\/804\/revisions"}],"predecessor-version":[{"id":1035,"href":"http:\/\/tsaretta.com\/fr\/wp-json\/wp\/v2\/pages\/804\/revisions\/1035"}],"wp:attachment":[{"href":"http:\/\/tsaretta.com\/fr\/wp-json\/wp\/v2\/media?parent=804"}],"curies":[{"name":"wp","href":"https:\/\/api.w.org\/{rel}","templated":true}]}}