{"id":1074,"date":"2021-08-03T13:19:37","date_gmt":"2021-08-03T13:19:37","guid":{"rendered":"https:\/\/tsaretta.com\/?page_id=1074"},"modified":"2026-04-29T14:07:17","modified_gmt":"2026-04-29T14:07:17","slug":"menu-4-5","status":"publish","type":"page","link":"https:\/\/tsaretta.com\/fr\/menu-4-5\/","title":{"rendered":"\u00c0 la carte Menu"},"content":{"rendered":"<p class=\"has-text-align-center\">SERVI DE 18:30 A 21:30<\/p>\n\n\n\n<div class=\"wp-container-1 is-content-justification-center wp-block-buttons\">\n<div class=\"wp-block-button is-style-fill\"><a class=\"wp-block-button__link has-theme-white-color has-text-color has-background\" href=\"https:\/\/module.lafourchette.com\/fr_FR\/module\/364219-c1af9#\/2288917\/pdh\" style=\"background-color:#e51d1d\" target=\"_blank\" rel=\"noreferrer noopener\">book your table<\/a><\/div>\n<\/div>\n\n\n\n<h2 id=\"block-687513-2988-4d\" class=\"wp-block-gutenbee-heading block-687513-2988-4d\">Entr\u00e9es<\/h2><style>.wp-block-gutenbee-heading.block-687513-2988-4d { margin-bottom: 50px; font-size: 46px; text-align: center; }<\/style>\n\n\n\n<div id=\"block-c77346-52aa-49\" class=\"wp-block-gutenbee-food-menu block-c77346-52aa-49 gutenbee-food-menu-columns-desktop-1 gutenbee-food-menu-columns-tablet-1 gutenbee-food-menu-columns-mobile-1\">\n<div class=\"wp-block-gutenbee-food-menu-item block-7f641e-7a79-4b\"><style>.block-7f641e-7a79-4b { align-items: flex-start; }<\/style>\n<figure id=\"block-a00403-6740-4d\" class=\"wp-block-gutenbee-image block-a00403-6740-4d size-thumbnail\"><style>.wp-block-gutenbee-image.block-a00403-6740-4d img { width: 10px; }<\/style><img width=\"150\" height=\"150\" src=\"http:\/\/tsaretta.com\/wp-content\/uploads\/2022\/07\/chili-0.png\" alt=\"\" class=\"wp-image-170\"\/><\/figure>\n\n\n\n<div class=\"wp-block-gutenbee-food-menu-wrapper wp-block-gutenbee-food-menu-item-wrapper\">\n<h5 id=\"block-6bd5d3-381e-49\" class=\"wp-block-gutenbee-heading block-6bd5d3-381e-49\"><strong>Poulet Thai Satay<\/strong><\/h5><style>.wp-block-gutenbee-heading.block-6bd5d3-381e-49 { font-size: 24px; }<\/style>\n\n\n\n<p id=\"block-911583-0fb7-43\" class=\"wp-block-gutenbee-paragraph block-911583-0fb7-43 wp-block-gutenbee-food-menu-item-price\">14\u20ac<\/p><style>.wp-block-gutenbee-paragraph.block-911583-0fb7-43 { font-size: 24px; }<\/style>\n\n\n\n<p id=\"block-436c9c-58da-47\" class=\"wp-block-gutenbee-paragraph block-436c9c-58da-47\">Brochettes de poulet marin\u00e9es au lait de coco et aux \u00e9pices, avec sauce satay aux cacahu\u00e8tes (3, 5, 10, 13, 14)<\/p>\n<\/div>\n<\/div>\n<\/div>\n\n\n\n<div id=\"block-5c2898-f104-4d\" class=\"wp-block-gutenbee-food-menu block-5c2898-f104-4d gutenbee-food-menu-columns-desktop-1 gutenbee-food-menu-columns-tablet-1 gutenbee-food-menu-columns-mobile-1\">\n<div class=\"wp-block-gutenbee-food-menu-item block-f20d4a-651a-48\"><style>.block-f20d4a-651a-48 { align-items: flex-start; }<\/style>\n<figure id=\"block-e4fd1e-bcbc-46\" class=\"wp-block-gutenbee-image block-e4fd1e-bcbc-46 size-thumbnail\"><style>.wp-block-gutenbee-image.block-e4fd1e-bcbc-46 img { width: 10px; }<\/style><img width=\"150\" height=\"150\" src=\"http:\/\/tsaretta.com\/wp-content\/uploads\/2022\/07\/chili-0.png\" alt=\"\" class=\"wp-image-170\"\/><\/figure>\n\n\n\n<div class=\"wp-block-gutenbee-food-menu-wrapper wp-block-gutenbee-food-menu-item-wrapper\">\n<h5 id=\"block-9826fa-3dce-46\" class=\"wp-block-gutenbee-heading block-9826fa-3dce-46\"><strong>Moules gratin\u00e9es<\/strong><\/h5><style>.wp-block-gutenbee-heading.block-9826fa-3dce-46 { font-size: 24px; }<\/style>\n\n\n\n<p id=\"block-98eab0-c8a6-43\" class=\"wp-block-gutenbee-paragraph block-98eab0-c8a6-43 wp-block-gutenbee-food-menu-item-price\">14\u20ac<\/p><style>.wp-block-gutenbee-paragraph.block-98eab0-c8a6-43 { font-size: 24px; }<\/style>\n\n\n\n<p id=\"block-ad3a87-27a7-49\" class=\"wp-block-gutenbee-paragraph block-ad3a87-27a7-49\">Moules gratin\u00e9es dans leurs coquilles avec du beurre \u00e0 l\u2019ail et aux herbes et de la chapelure (3, 4, 7, 8, 13)<\/p>\n<\/div>\n<\/div>\n\n\n\n<div class=\"wp-block-gutenbee-food-menu-item block-352380-dcb9-4f\"><style>.block-352380-dcb9-4f { align-items: flex-start; }<\/style>\n<figure id=\"block-48d23f-8cef-4a\" class=\"wp-block-gutenbee-image block-48d23f-8cef-4a size-thumbnail\"><style>.wp-block-gutenbee-image.block-48d23f-8cef-4a img { width: 10px; }<\/style><img width=\"150\" height=\"150\" src=\"http:\/\/tsaretta.com\/wp-content\/uploads\/2022\/07\/chili-0.png\" alt=\"\" class=\"wp-image-170\"\/><\/figure>\n\n\n\n<div class=\"wp-block-gutenbee-food-menu-wrapper wp-block-gutenbee-food-menu-item-wrapper\">\n<h5 id=\"block-1064de-565d-45\" class=\"wp-block-gutenbee-heading block-1064de-565d-45\"><strong>Mezz\u00e9 \u00e0 partager<\/strong><\/h5><style>.wp-block-gutenbee-heading.block-1064de-565d-45 { font-size: 24px; }<\/style>\n\n\n\n<p id=\"block-85a235-740c-40\" class=\"wp-block-gutenbee-paragraph block-85a235-740c-40 wp-block-gutenbee-food-menu-item-price\">13\u20ac<\/p><style>.wp-block-gutenbee-paragraph.block-85a235-740c-40 { font-size: 24px; }<\/style>\n\n\n\n<p id=\"block-7c78ad-dc52-45\" class=\"wp-block-gutenbee-paragraph block-7c78ad-dc52-45\">Boulettes de falafel, halloumi grill\u00e9, houmous, olives, cornichons, graines de grenade et focaccia maison (1, 3, 4, 6, 10)<\/p>\n<\/div>\n<\/div>\n\n\n\n<div class=\"wp-block-gutenbee-food-menu-item block-6d608d-defc-40\"><style>.block-6d608d-defc-40 { align-items: flex-start; }<\/style>\n<figure id=\"block-d908ce-6c38-47\" class=\"wp-block-gutenbee-image block-d908ce-6c38-47 size-thumbnail\"><style>.wp-block-gutenbee-image.block-d908ce-6c38-47 img { width: 10px; }<\/style><img width=\"150\" height=\"150\" src=\"http:\/\/tsaretta.com\/wp-content\/uploads\/2022\/07\/chili-0.png\" alt=\"\" class=\"wp-image-170\"\/><\/figure>\n\n\n\n<div class=\"wp-block-gutenbee-food-menu-wrapper wp-block-gutenbee-food-menu-item-wrapper\">\n<h5 id=\"block-573903-d01c-40\" class=\"wp-block-gutenbee-heading block-573903-d01c-40\">Onion Rings<\/h5><style>.wp-block-gutenbee-heading.block-573903-d01c-40 { font-size: 24px; }<\/style>\n\n\n\n<p id=\"block-6c442c-f233-41\" class=\"wp-block-gutenbee-paragraph block-6c442c-f233-41 wp-block-gutenbee-food-menu-item-price\">12\u20ac<\/p><style>.wp-block-gutenbee-paragraph.block-6c442c-f233-41 { font-size: 24px; }<\/style>\n\n\n\n<p id=\"block-05c736-8111-4a\" class=\"wp-block-gutenbee-paragraph block-05c736-8111-4a\">Oignons frits aux \u00e9pices Cajun servis avec une mayonnaise s\u00e9same, soja et citron vert (1, 3, 5, 9, 10)<\/p>\n<\/div>\n<\/div>\n\n\n\n<div class=\"wp-block-gutenbee-food-menu-item block-a11795-07bd-4d\"><style>.block-a11795-07bd-4d { align-items: flex-start; }<\/style>\n<figure id=\"block-7f7696-3123-40\" class=\"wp-block-gutenbee-image block-7f7696-3123-40 size-thumbnail\"><style>.wp-block-gutenbee-image.block-7f7696-3123-40 img { width: 10px; }<\/style><img width=\"150\" height=\"150\" src=\"http:\/\/tsaretta.com\/wp-content\/uploads\/2022\/07\/chili-0.png\" alt=\"\" class=\"wp-image-170\"\/><\/figure>\n\n\n\n<div class=\"wp-block-gutenbee-food-menu-wrapper wp-block-gutenbee-food-menu-item-wrapper\">\n<h5 id=\"block-7fe78e-1df3-47\" class=\"wp-block-gutenbee-heading block-7fe78e-1df3-47\">Wings<\/h5><style>.wp-block-gutenbee-heading.block-7fe78e-1df3-47 { font-size: 24px; }<\/style>\n\n\n\n<p id=\"block-80f52c-6665-44\" class=\"wp-block-gutenbee-paragraph block-80f52c-6665-44 wp-block-gutenbee-food-menu-item-price\">13\u20ac<\/p><style>.wp-block-gutenbee-paragraph.block-80f52c-6665-44 { font-size: 24px; }<\/style>\n\n\n\n<p id=\"block-ca6377-ce0c-44\" class=\"wp-block-gutenbee-paragraph block-ca6377-ce0c-44\">Ailes de poulet cuites dans une sauce asiatique (5, 10, 12)<\/p>\n<\/div>\n<\/div>\n<\/div>\n\n\n\n<h2 id=\"block-a9b196-848b-41\" class=\"wp-block-gutenbee-heading block-a9b196-848b-41\">Plats principaux<\/h2><style>.wp-block-gutenbee-heading.block-a9b196-848b-41 { margin-bottom: 50px; font-size: 46px; text-align: center; }<\/style>\n\n\n\n<div id=\"block-fbceb5-4d8a-4a\" class=\"wp-block-gutenbee-food-menu block-fbceb5-4d8a-4a gutenbee-food-menu-columns-desktop-1 gutenbee-food-menu-columns-tablet-1 gutenbee-food-menu-columns-mobile-1\">\n<div class=\"wp-block-gutenbee-food-menu-item block-e44cde-6e30-46\"><style>.block-e44cde-6e30-46 { align-items: flex-start; }<\/style>\n<figure id=\"block-16d196-410a-4e\" class=\"wp-block-gutenbee-image block-16d196-410a-4e size-thumbnail\"><style>.wp-block-gutenbee-image.block-16d196-410a-4e img { width: 10px; }<\/style><img width=\"150\" height=\"150\" src=\"http:\/\/tsaretta.com\/wp-content\/uploads\/2022\/07\/chili-0.png\" alt=\"\" class=\"wp-image-170\"\/><\/figure>\n\n\n\n<div class=\"wp-block-gutenbee-food-menu-wrapper wp-block-gutenbee-food-menu-item-wrapper\">\n<h5 id=\"block-8aa0d2-fab4-44\" class=\"wp-block-gutenbee-heading block-8aa0d2-fab4-44\"><strong><strong>Menu du jour<\/strong><\/strong><\/h5><style>.wp-block-gutenbee-heading.block-8aa0d2-fab4-44 { font-size: 24px; }<\/style>\n\n\n\n<p id=\"block-d54726-63ad-44\" class=\"wp-block-gutenbee-paragraph block-d54726-63ad-44 wp-block-gutenbee-food-menu-item-price\">20\u20ac<\/p><style>.wp-block-gutenbee-paragraph.block-d54726-63ad-44 { font-size: 24px; }<\/style>\n\n\n\n<p id=\"block-0cf237-05c4-4d\" class=\"wp-block-gutenbee-paragraph block-0cf237-05c4-4d\">Selection du chef, Entr\u00e9e-plat<\/p>\n<\/div>\n<\/div>\n\n\n\n<div class=\"wp-block-gutenbee-food-menu-item block-22c7fc-6c01-4f\"><style>.block-22c7fc-6c01-4f { align-items: flex-start; }<\/style>\n<figure id=\"block-7033e0-d5d8-46\" class=\"wp-block-gutenbee-image block-7033e0-d5d8-46 size-thumbnail\"><style>.wp-block-gutenbee-image.block-7033e0-d5d8-46 img { width: 10px; }<\/style><img width=\"150\" height=\"150\" src=\"http:\/\/tsaretta.com\/wp-content\/uploads\/2022\/07\/chili-0.png\" alt=\"\" class=\"wp-image-170\"\/><\/figure>\n\n\n\n<div class=\"wp-block-gutenbee-food-menu-wrapper wp-block-gutenbee-food-menu-item-wrapper\">\n<h5 id=\"block-f6f55f-34ac-46\" class=\"wp-block-gutenbee-heading block-f6f55f-34ac-46 translation-block\">Burger Poulet Tex-Mex<\/h5><style>.wp-block-gutenbee-heading.block-f6f55f-34ac-46 { font-size: 24px; }<\/style>\n\n\n\n<p id=\"block-fb1232-803b-4e\" class=\"wp-block-gutenbee-paragraph block-fb1232-803b-4e wp-block-gutenbee-food-menu-item-price\">22\u20ac<\/p><style>.wp-block-gutenbee-paragraph.block-fb1232-803b-4e { font-size: 24px; }<\/style>\n\n\n\n<p id=\"block-dba136-d0ef-49\" class=\"wp-block-gutenbee-paragraph block-dba136-d0ef-49\">Blanc de poulet grill\u00e9, guacamole, salsa, tortilla croustillante, mayonnaise citron vert et sriracha, servi avec salade et ma\u00efs grill\u00e9 (+4\u20ac frites) \n(3, 4, 5, 6, 9, 13)<\/p>\n<\/div>\n<\/div>\n<\/div>\n\n\n\n<div id=\"block-b7dcda-db4f-4d\" class=\"wp-block-gutenbee-food-menu block-b7dcda-db4f-4d gutenbee-food-menu-columns-desktop-1 gutenbee-food-menu-columns-tablet-1 gutenbee-food-menu-columns-mobile-1\">\n<div class=\"wp-block-gutenbee-food-menu-item block-28360b-009b-43\"><style>.block-28360b-009b-43 { align-items: flex-start; }<\/style>\n<figure id=\"block-df7220-3eac-45\" class=\"wp-block-gutenbee-image block-df7220-3eac-45 size-thumbnail\"><style>.wp-block-gutenbee-image.block-df7220-3eac-45 img { width: 10px; }<\/style><img width=\"150\" height=\"150\" src=\"http:\/\/tsaretta.com\/wp-content\/uploads\/2022\/07\/chili-0.png\" alt=\"\" class=\"wp-image-170\"\/><\/figure>\n\n\n\n<div class=\"wp-block-gutenbee-food-menu-wrapper wp-block-gutenbee-food-menu-item-wrapper\">\n<h5 id=\"block-e7ccbc-f741-4a\" class=\"wp-block-gutenbee-heading block-e7ccbc-f741-4a\">Smash Burger<\/h5><style>.wp-block-gutenbee-heading.block-e7ccbc-f741-4a { font-size: 24px; }<\/style>\n\n\n\n<p id=\"block-1072f6-5d53-40\" class=\"wp-block-gutenbee-paragraph block-1072f6-5d53-40 wp-block-gutenbee-food-menu-item-price\">21\u20ac<\/p><style>.wp-block-gutenbee-paragraph.block-1072f6-5d53-40 { font-size: 24px; }<\/style>\n\n\n\n<p id=\"block-b792c9-541d-4e\" class=\"wp-block-gutenbee-paragraph block-b792c9-541d-4e\">Double steak hach\u00e9 120 g, cheddar, bacon, cornichons, sauce BBQ servi avec salade et frites maison (3, 4, 5, 9)<\/p>\n<\/div>\n<\/div>\n\n\n\n<div class=\"wp-block-gutenbee-food-menu-item block-6e62d4-2b99-46\"><style>.block-6e62d4-2b99-46 { align-items: flex-start; }<\/style>\n<figure id=\"block-a867e9-4b4f-46\" class=\"wp-block-gutenbee-image block-a867e9-4b4f-46 size-thumbnail\"><style>.wp-block-gutenbee-image.block-a867e9-4b4f-46 img { width: 10px; }<\/style><img width=\"150\" height=\"150\" src=\"http:\/\/tsaretta.com\/wp-content\/uploads\/2022\/07\/chili-0.png\" alt=\"\" class=\"wp-image-170\"\/><\/figure>\n\n\n\n<div class=\"wp-block-gutenbee-food-menu-wrapper wp-block-gutenbee-food-menu-item-wrapper\">\n<h5 id=\"block-0f4735-0746-4a\" class=\"wp-block-gutenbee-heading block-0f4735-0746-4a\"><strong><strong>\u2018Bangers and Mash\u2019<\/strong><\/strong><\/h5><style>.wp-block-gutenbee-heading.block-0f4735-0746-4a { font-size: 24px; }<\/style>\n\n\n\n<p id=\"block-b247a3-d125-43\" class=\"wp-block-gutenbee-paragraph block-b247a3-d125-43 wp-block-gutenbee-food-menu-item-price\">22\u20ac<\/p><style>.wp-block-gutenbee-paragraph.block-b247a3-d125-43 { font-size: 24px; }<\/style>\n\n\n\n<p id=\"block-581931-8cf0-4d\" class=\"wp-block-gutenbee-paragraph block-581931-8cf0-4d\">Saucisses anglaises et ses asperges enrob\u00e9es de bacon, servies avec une pur\u00e9e de pommes de terre cr\u00e9meuse, un jus de viande maison et des oignons croustillants (3, 4, 5, 12, 13)<\/p>\n<\/div>\n<\/div>\n\n\n\n<div class=\"wp-block-gutenbee-food-menu-item block-5fac07-5a1e-4e\"><style>.block-5fac07-5a1e-4e { align-items: flex-start; }<\/style>\n<figure id=\"block-fdb22d-8c14-43\" class=\"wp-block-gutenbee-image block-fdb22d-8c14-43 size-thumbnail\"><style>.wp-block-gutenbee-image.block-fdb22d-8c14-43 img { width: 10px; }<\/style><img width=\"150\" height=\"150\" src=\"http:\/\/tsaretta.com\/wp-content\/uploads\/2022\/07\/chili-0.png\" alt=\"\" class=\"wp-image-170\"\/><\/figure>\n\n\n\n<div class=\"wp-block-gutenbee-food-menu-wrapper wp-block-gutenbee-food-menu-item-wrapper\">\n<h5 id=\"block-cdae0a-c318-4c\" class=\"wp-block-gutenbee-heading block-cdae0a-c318-4c\"><strong>Viande du moment<\/strong><\/h5><style>.wp-block-gutenbee-heading.block-cdae0a-c318-4c { font-size: 24px; }<\/style>\n\n\n\n<p id=\"block-fc1d3a-f434-4a\" class=\"wp-block-gutenbee-paragraph block-fc1d3a-f434-4a wp-block-gutenbee-food-menu-item-price\"><\/p><style>.wp-block-gutenbee-paragraph.block-fc1d3a-f434-4a { font-size: 24px; }<\/style>\n\n\n\n<p id=\"block-b1bbf8-3b53-44\" class=\"wp-block-gutenbee-paragraph block-b1bbf8-3b53-44\">S\u00e9lection du chef - prix et pr\u00e9paration varient chaque jour. Veuillez demander \u00e0 votre serveur<\/p>\n<\/div>\n<\/div>\n<\/div>\n\n\n\n<div id=\"block-bfd6dc-e021-40\" class=\"wp-block-gutenbee-food-menu block-bfd6dc-e021-40 gutenbee-food-menu-columns-desktop-1 gutenbee-food-menu-columns-tablet-1 gutenbee-food-menu-columns-mobile-1\">\n<div class=\"wp-block-gutenbee-food-menu-item block-2257a3-3342-43\"><style>.block-2257a3-3342-43 { align-items: flex-start; }<\/style>\n\n\n<div class=\"wp-block-gutenbee-food-menu-wrapper wp-block-gutenbee-food-menu-item-wrapper\">\n<h5 id=\"block-920da6-d2b9-40\" class=\"wp-block-gutenbee-heading block-920da6-d2b9-40\"><\/h5><style>.wp-block-gutenbee-heading.block-920da6-d2b9-40 { font-size: 22px; }<\/style>\n\n\n\n<p id=\"block-fe1efa-f9b8-4d\" class=\"wp-block-gutenbee-paragraph block-fe1efa-f9b8-4d wp-block-gutenbee-food-menu-item-price\"><\/p>\n\n\n\n<p id=\"block-016c8a-267a-4d\" class=\"wp-block-gutenbee-paragraph block-016c8a-267a-4d\"><\/p>\n<\/div>\n<\/div>\n<\/div>\n\n\n\n<p class=\"has-text-align-center\">1 V\u00e9g\u00e9tarien - 2 Vegan - 3 Gluten - 4 Lactose  \n5 Soja - 6 Moutarde<br>7 Fruits de mer - 8 Poisson - 9 \u0152uf  10 Sesame - 11 Noix - 12 C\u00e9leri - 13 Sulfites - 14 Arachide<\/p>","protected":false},"excerpt":{"rendered":"<p>SERVED FROM 18:30 TO 21:30 1 Vegtarian &#8211; 2 Vegan &#8211; 3 Gluten &#8211; 4 Dairy &#8211; 5 Soja &#8211; 6 Mustard7 Shell Fish &#8211; 8 Fish &#8211; 9 Eggs [&hellip;]<\/p>","protected":false},"author":3,"featured_media":0,"parent":0,"menu_order":0,"comment_status":"closed","ping_status":"closed","template":"templates\/template-fullwidth-narrow.php","meta":{"_mi_skip_tracking":false,"_EventAllDay":false,"_EventTimezone":"","_EventStartDate":"","_EventEndDate":"","_EventStartDateUTC":"","_EventEndDateUTC":"","_EventShowMap":false,"_EventShowMapLink":false,"_EventURL":"","_EventCost":"","_EventCostDescription":"","_EventCurrencySymbol":"","_EventCurrencyCode":"","_EventCurrencyPosition":"","_EventDateTimeSeparator":"","_EventTimeRangeSeparator":"","_EventOrganizerID":[],"_EventVenueID":0,"_OrganizerEmail":"","_OrganizerPhone":"","_OrganizerWebsite":"","_VenueAddress":"","_VenueCity":"","_VenueCountry":"","_VenueProvince":"","_VenueZip":"","_VenuePhone":"","_VenueURL":"","_VenueStateProvince":"","_VenueLat":"","_VenueLng":""},"_links":{"self":[{"href":"https:\/\/tsaretta.com\/fr\/wp-json\/wp\/v2\/pages\/1074"}],"collection":[{"href":"https:\/\/tsaretta.com\/fr\/wp-json\/wp\/v2\/pages"}],"about":[{"href":"https:\/\/tsaretta.com\/fr\/wp-json\/wp\/v2\/types\/page"}],"author":[{"embeddable":true,"href":"https:\/\/tsaretta.com\/fr\/wp-json\/wp\/v2\/users\/3"}],"replies":[{"embeddable":true,"href":"https:\/\/tsaretta.com\/fr\/wp-json\/wp\/v2\/comments?post=1074"}],"version-history":[{"count":8,"href":"https:\/\/tsaretta.com\/fr\/wp-json\/wp\/v2\/pages\/1074\/revisions"}],"predecessor-version":[{"id":1091,"href":"https:\/\/tsaretta.com\/fr\/wp-json\/wp\/v2\/pages\/1074\/revisions\/1091"}],"wp:attachment":[{"href":"https:\/\/tsaretta.com\/fr\/wp-json\/wp\/v2\/media?parent=1074"}],"curies":[{"name":"wp","href":"https:\/\/api.w.org\/{rel}","templated":true}]}}