{"id":18,"date":"2021-08-03T12:32:00","date_gmt":"2021-08-03T12:32:00","guid":{"rendered":"https:\/\/www.cssigniter.com\/demos\/korina\/?page_id=18"},"modified":"2026-01-25T19:10:12","modified_gmt":"2026-01-25T19:10:12","slug":"home","status":"publish","type":"page","link":"https:\/\/tsaretta.com\/fr\/","title":{"rendered":"Home"},"content":{"rendered":"<div class=\"wp-container-1 wp-block-group alignfull\"><div class=\"wp-block-group__inner-container\">\t\t<div id=\"maxslider-block-e88f3a-34\" class=\"wp-block-maxslider-slider maxslider-block-e88f3a-34\">\n\t\t\t<div\n\tid=\"maxslider-57\"\n\tclass=\"maxslider\"\n\tdata-autoslide=\"true\" data-effect=\"fade\" data-slide-speed=\"5000\" data-height=\"850\" data-height_unit=\"px\" data-navigation=\"arrows\" data-navigation_fg_color=\"#ffffff\" data-navigation_bg_color=\"rgba(0, 0, 0, 0)\" data-image_size=\"full\" data-arrows=\"1\" data-arrows_fg_color=\"#ffffff\" data-arrows_bg_color=\"rgba(0, 0, 0, 0)\" >\n\t\t<div class=\"maxslider-slide maxslider-57-slide-0\">\n\t\t<div class=\"maxslider-slide-content maxslider-align-center maxslider-align-middle\">\n\t\t\t<div class=\"maxslider-slide-content-pad\">\n\t\t\t\t\t\t\t\t\t<h3 class=\"maxslider-slide-title\">\n\t\t\t\t\t\tBienvenue \u00e0\t\t\t\t\t<\/h3>\n\t\t\t\t\n\t\t\t\t\t\t\t\t\t<p class=\"maxslider-slide-subtitle\">\n\t\t\t\t\t\tLes Allues, Meribel, France\t\t\t\t\t<\/p>\n\t\t\t\t\n\t\t\t\t\t\t\t\t\t<a href=\"https:\/\/module.lafourchette.com\/fr_FR\/module\/364219-c1af9#\/2288917\/pdh\" class=\"maxslider-btn maxslider-btn-default\">\n\t\t\t\t\t\tR\u00e9server une table\t\t\t\t\t<\/a>\n\t\t\t\t\t\t\t<\/div>\n\t\t<\/div>\n\t<\/div>\n\t<div class=\"maxslider-slide maxslider-57-slide-1\">\n\t\t<div class=\"maxslider-slide-content maxslider-align-center maxslider-align-middle\">\n\t\t\t<div class=\"maxslider-slide-content-pad\">\n\t\t\t\t\t\t\t\t\t<h3 class=\"maxslider-slide-title\">\n\t\t\t\t\t\tNotre restaurant\t\t\t\t\t<\/h3>\n\t\t\t\t\n\t\t\t\t\t\t\t\t\t<p class=\"maxslider-slide-subtitle\">\n\t\t\t\t\t\tUne exp\u00e9rience culinaire d\u00e9contract\u00e9e\t\t\t\t\t<\/p>\n\t\t\t\t\n\t\t\t\t\t\t\t\t\t<a href=\"https:\/\/module.lafourchette.com\/fr_FR\/module\/364219-c1af9#\/2288917\/pdh\" class=\"maxslider-btn maxslider-btn-default\">\n\t\t\t\t\t\tR\u00e9server une table\t\t\t\t\t<\/a>\n\t\t\t\t\t\t\t<\/div>\n\t\t<\/div>\n\t<\/div>\n\t<div class=\"maxslider-slide maxslider-57-slide-2\">\n\t\t<div class=\"maxslider-slide-content maxslider-align-center maxslider-align-middle\">\n\t\t\t<div class=\"maxslider-slide-content-pad\">\n\t\t\t\t\t\t\t\t\t<h3 class=\"maxslider-slide-title\">\n\t\t\t\t\t\tNotre bar\t\t\t\t\t<\/h3>\n\t\t\t\t\n\t\t\t\t\t\t\t\t\t<p class=\"maxslider-slide-subtitle\">\n\t\t\t\t\t\tAmbiance anim\u00e9e garantie\t\t\t\t\t<\/p>\n\t\t\t\t\n\t\t\t\t\t\t\t\t\t<a href=\"http:\/\/tsaretta.com\/fr\/drinks\/\" class=\"maxslider-btn maxslider-btn-default\">\n\t\t\t\t\t\tVoir la carte des boissons\t\t\t\t\t<\/a>\n\t\t\t\t\t\t\t<\/div>\n\t\t<\/div>\n\t<\/div>\n\t<div class=\"maxslider-slide maxslider-57-slide-3\">\n\t\t<div class=\"maxslider-slide-content maxslider-align-center maxslider-align-middle\">\n\t\t\t<div class=\"maxslider-slide-content-pad\">\n\t\t\t\t\t\t\t\t\t<h3 class=\"maxslider-slide-title\">\n\t\t\t\t\t\tNotre musique live\t\t\t\t\t<\/h3>\n\t\t\t\t\n\t\t\t\t\t\t\t\t\t<p class=\"maxslider-slide-subtitle\">\n\t\t\t\t\t\tLe meilleur de la musique live dans la vall\u00e9e de M\u00e9ribel\t\t\t\t\t<\/p>\n\t\t\t\t\n\t\t\t\t\t\t\t\t\t<a href=\"https:\/\/tsaretta.com\/fr\/events-1\" class=\"maxslider-btn maxslider-btn-default\">\n\t\t\t\t\t\tView Our Events Page\t\t\t\t\t<\/a>\n\t\t\t\t\t\t\t<\/div>\n\t\t<\/div>\n\t<\/div>\n<\/div>\n\t\t<\/div>\n\t\t\n\n\n<div class=\"wp-block-gutenbee-spacer block-3415c7-b010-47\" aria-hidden=\"true\"><style>.wp-block-gutenbee-spacer.block-3415c7-b010-47 { height: 40px; }\n\n\n      @media (max-width: 575px) {\n        .wp-block-gutenbee-spacer.block-3415c7-b010-47 { height: 25px; }\n      }<\/style><div class=\"wp-block-gutenbee-spacer-background\" data-parallax-speed=\"0.3\"><\/div><\/div>\n<\/div><\/div>\n\n\n\n<div class=\"wp-block-media-text has-media-on-the-right is-style-ignition-korina-animated-images\"><figure class=\"wp-block-media-text__media\"><img width=\"1024\" height=\"683\" src=\"http:\/\/tsaretta.com\/wp-content\/uploads\/2022\/09\/86185444_3579158702126368_5412650011282374656_n-1024x683.jpeg\" alt=\"\" class=\"wp-image-341 size-full\" srcset=\"https:\/\/tsaretta.com\/wp-content\/uploads\/2022\/09\/86185444_3579158702126368_5412650011282374656_n-1024x683.jpeg 1024w, https:\/\/tsaretta.com\/wp-content\/uploads\/2022\/09\/86185444_3579158702126368_5412650011282374656_n-300x200.jpeg 300w, https:\/\/tsaretta.com\/wp-content\/uploads\/2022\/09\/86185444_3579158702126368_5412650011282374656_n-768x512.jpeg 768w, https:\/\/tsaretta.com\/wp-content\/uploads\/2022\/09\/86185444_3579158702126368_5412650011282374656_n-1536x1025.jpeg 1536w, https:\/\/tsaretta.com\/wp-content\/uploads\/2022\/09\/86185444_3579158702126368_5412650011282374656_n-18x12.jpeg 18w, https:\/\/tsaretta.com\/wp-content\/uploads\/2022\/09\/86185444_3579158702126368_5412650011282374656_n-960x640.jpeg 960w, https:\/\/tsaretta.com\/wp-content\/uploads\/2022\/09\/86185444_3579158702126368_5412650011282374656_n-615x410.jpeg 615w, https:\/\/tsaretta.com\/wp-content\/uploads\/2022\/09\/86185444_3579158702126368_5412650011282374656_n-1170x780.jpeg 1170w, https:\/\/tsaretta.com\/wp-content\/uploads\/2022\/09\/86185444_3579158702126368_5412650011282374656_n.jpeg 1800w\" sizes=\"(max-width: 1024px) 100vw, 1024px\" \/><\/figure><div class=\"wp-block-media-text__content\">\n<h3>Bienvenue \u00e0 Tsaretta<\/h3>\n\n\n\n<p>Un bar, restaurant et salle de concert unique ouvert toute l'ann\u00e9e aux Allues, M\u00e9ribel. Rejoignez-nous pour profiter d'une combinaison de plats incroyables, d'une vaste s\u00e9lection de bi\u00e8res, de vins et de cocktails et de la meilleure musique live de la vall\u00e9e de M\u00e9ribel, le tout sous un m\u00eame toit.<\/p>\n\n\n\n<p>Chaque saison d'hiver, Tsaretta est fi\u00e8re de pr\u00e9senter le meilleur des talents musicaux locaux, compl\u00e9tant votre journ\u00e9e dans les montagnes \u00e0 la perfection. Des groupes de rock aux artistes originaux, des DJ prometteurs aux musiciens folkloriques, nous visons un calendrier distrayant et diversifi\u00e9 de musique live chaque hiver. Alors, descendez, prenez une bi\u00e8re fra\u00eeche, commandez de la nourriture et profitez de l'atmosph\u00e8re amicale et m\u00e9morable.<\/p>\n\n\n\n<p>Most of our menu is also available to take away.<\/p>\n\n\n\n<div id=\"block-dddc04-ead1-45\" class=\"wp-block-gutenbee-buttons block-dddc04-ead1-45\"><style>.wp-block-gutenbee-buttons.block-dddc04-ead1-45 { justify-content: flex-start; }<\/style>\n<div id=\"block-0d8398-b912-4c\" class=\"wp-block-gutenbee-button block-0d8398-b912-4c\"><a href=\"https:\/\/tsaretta.com\/fr\/menu-4\/\" class=\"gutenbee-block-button-link\">voir notre menu<\/a><\/div>\n<\/div>\n<\/div><\/div>\n\n\n\n<div class=\"wp-block-gutenbee-spacer block-7ab91d-3ff4-46\" aria-hidden=\"true\"><style>.wp-block-gutenbee-spacer.block-7ab91d-3ff4-46 { height: 40px; }\n\n\n      @media (max-width: 575px) {\n        .wp-block-gutenbee-spacer.block-7ab91d-3ff4-46 { height: 25px; }\n      }<\/style><div class=\"wp-block-gutenbee-spacer-background\" data-parallax-speed=\"0.3\"><\/div><\/div>\n\n\n\n<div class=\"wp-block-media-text is-style-ignition-korina-animated-images\"><figure class=\"wp-block-media-text__media\"><img width=\"1024\" height=\"795\" src=\"http:\/\/tsaretta.com\/wp-content\/uploads\/2022\/06\/bar-in-meribel-les-allues-1024x795.jpeg\" alt=\"\" class=\"wp-image-113 size-full\" srcset=\"https:\/\/tsaretta.com\/wp-content\/uploads\/2022\/06\/bar-in-meribel-les-allues-1024x795.jpeg 1024w, https:\/\/tsaretta.com\/wp-content\/uploads\/2022\/06\/bar-in-meribel-les-allues-300x233.jpeg 300w, https:\/\/tsaretta.com\/wp-content\/uploads\/2022\/06\/bar-in-meribel-les-allues-768x596.jpeg 768w, https:\/\/tsaretta.com\/wp-content\/uploads\/2022\/06\/bar-in-meribel-les-allues-1536x1192.jpeg 1536w, https:\/\/tsaretta.com\/wp-content\/uploads\/2022\/06\/bar-in-meribel-les-allues.jpeg 1800w\" sizes=\"(max-width: 1024px) 100vw, 1024px\" \/><\/figure><div class=\"wp-block-media-text__content\">\n<h3 class=\"theme-animated-title\">Le bar<\/h3>\n\n\n\n<p>O\u00f9 se fabriquent les souvenirs de vacances ! Notre bar est c\u00e9l\u00e8bre pour son atmosph\u00e8re chaleureuse et accueillante, quelle que soit la saison et vous trouverez notre \u00e9quipe toujours disponible pour vous offrir ses connaissances locales. Une vaste gamme de boissons est disponible, des bi\u00e8res haut de gamme aux cocktails et aux vins raffin\u00e9s.<\/p>\n\n\n\n<div id=\"block-006ddb-101f-49\" class=\"wp-block-gutenbee-buttons block-006ddb-101f-49\"><style>.wp-block-gutenbee-buttons.block-006ddb-101f-49 { justify-content: flex-start; }<\/style>\n<div id=\"block-6be350-5eec-4c\" class=\"wp-block-gutenbee-button block-6be350-5eec-4c\"><a href=\"http:\/\/tsaretta.com\/fr\/drinks\/\" class=\"gutenbee-block-button-link\">Voir notre carte des vins<\/a><\/div>\n<\/div>\n<\/div><\/div>\n\n\n\n<div class=\"wp-block-gutenbee-spacer block-8fd6df-9ec8-4e gutenbee-hidden-mobile\" aria-hidden=\"true\"><style>.wp-block-gutenbee-spacer.block-8fd6df-9ec8-4e { height: 70px; }\n\n\n      @media (max-width: 991px) {\n        .wp-block-gutenbee-spacer.block-8fd6df-9ec8-4e { height: 50px; }\n      }\n    \n\n      @media (max-width: 575px) {\n        .wp-block-gutenbee-spacer.block-8fd6df-9ec8-4e { height: 30px; }\n      }<\/style><div class=\"wp-block-gutenbee-spacer-background\" data-parallax-speed=\"0.3\"><\/div><\/div>\n\n\n\n<blockquote class=\"wp-block-quote has-text-align-left is-style-large is-style-plain has-medium-font-size\"><p>Nous avons visit\u00e9 en groupe de 10 pour l'anniversaire de ma fille. La nourriture \u00e9tait incroyable, des pizzas au steak, c'\u00e9tait fantastique. Excellent service, atmosph\u00e8re agr\u00e9able et ils ont m\u00eame tri\u00e9 le g\u00e2teau d'anniversaire pour nous! J'ai h\u00e2te d'y retourner et je le recommande vivement!<\/p><cite><a href=\"https:\/\/www.tripadvisor.com\/Restaurant_Review-g580182-d3880089-Reviews-Tsaretta-Meribel_Les_Allues_Savoie_Auvergne_Rhone_Alpes.html\" target=\"_blank\" rel=\"noreferrer noopener\" title=\"Luimwil sur TripAdvisor\">Luimwil sur TripAdvisor<\/a><\/cite><\/blockquote>\n\n\n\n<div class=\"wp-block-gutenbee-spacer block-f25e4b-0d5e-4d\" aria-hidden=\"true\"><style>.wp-block-gutenbee-spacer.block-f25e4b-0d5e-4d { height: 70px; }\n\n\n      @media (max-width: 991px) {\n        .wp-block-gutenbee-spacer.block-f25e4b-0d5e-4d { height: 50px; }\n      }\n    \n\n      @media (max-width: 575px) {\n        .wp-block-gutenbee-spacer.block-f25e4b-0d5e-4d { height: 30px; }\n      }<\/style><div class=\"wp-block-gutenbee-spacer-background\" data-parallax-speed=\"0.3\"><\/div><\/div>\n\n\n\n<div class=\"wp-block-media-text has-media-on-the-right is-style-ignition-korina-animated-images\" style=\"grid-template-columns:auto 44%\"><figure class=\"wp-block-media-text__media\"><img width=\"1024\" height=\"550\" src=\"https:\/\/tsaretta.com\/wp-content\/uploads\/2024\/12\/WhatsApp-Image-2024-12-16-at-12.56.43-1024x550.jpeg\" alt=\"\" class=\"wp-image-753 size-full\" srcset=\"https:\/\/tsaretta.com\/wp-content\/uploads\/2024\/12\/WhatsApp-Image-2024-12-16-at-12.56.43-1024x550.jpeg 1024w, https:\/\/tsaretta.com\/wp-content\/uploads\/2024\/12\/WhatsApp-Image-2024-12-16-at-12.56.43-300x161.jpeg 300w, https:\/\/tsaretta.com\/wp-content\/uploads\/2024\/12\/WhatsApp-Image-2024-12-16-at-12.56.43-768x413.jpeg 768w, https:\/\/tsaretta.com\/wp-content\/uploads\/2024\/12\/WhatsApp-Image-2024-12-16-at-12.56.43-1536x825.jpeg 1536w, https:\/\/tsaretta.com\/wp-content\/uploads\/2024\/12\/WhatsApp-Image-2024-12-16-at-12.56.43-18x10.jpeg 18w, https:\/\/tsaretta.com\/wp-content\/uploads\/2024\/12\/WhatsApp-Image-2024-12-16-at-12.56.43.jpeg 1599w\" sizes=\"(max-width: 1024px) 100vw, 1024px\" \/><\/figure><div class=\"wp-block-media-text__content\">\n<h3 class=\"theme-animated-title\">Notre restaurant<\/h3>\n\n\n\n<p>Situ\u00e9 au premier et au deuxi\u00e8me \u00e9tage de notre \u00e9tablissement, s\u00e9par\u00e9 du bar situ\u00e9 en dessous, dans notre restaurant, vous d\u00e9gusterez des plats cr\u00e9atifs, de saison et fra\u00eechement pr\u00e9par\u00e9s dans une ambiance d\u00e9contract\u00e9e. Notre menu propose des plats europ\u00e9ens favoris ainsi que des plats uniques de plus loin. Vous d\u00e9couvrirez \u00e9galement une vaste s\u00e9lection de vins ainsi que vos cocktails pr\u00e9f\u00e9r\u00e9s. <\/p>\n\n\n\n<div id=\"block-094e8a-fa6e-45\" class=\"wp-block-gutenbee-buttons block-094e8a-fa6e-45\"><style>.wp-block-gutenbee-buttons.block-094e8a-fa6e-45 { justify-content: flex-start; }<\/style>\n<div id=\"block-f6aafb-607b-40\" class=\"wp-block-gutenbee-button block-f6aafb-607b-40\"><a href=\"https:\/\/module.lafourchette.com\/fr_FR\/module\/364219-c1af9#\/2288917\/pdh\" class=\"gutenbee-block-button-link\">Reserve a Table<\/a><\/div>\n<\/div>\n<\/div><\/div>\n\n\n\n<div class=\"wp-block-gutenbee-spacer block-65ebe0-22bc-48\" aria-hidden=\"true\"><style>.wp-block-gutenbee-spacer.block-65ebe0-22bc-48 { height: 70px; }\n\n\n      @media (max-width: 991px) {\n        .wp-block-gutenbee-spacer.block-65ebe0-22bc-48 { height: 50px; }\n      }\n    \n\n      @media (max-width: 575px) {\n        .wp-block-gutenbee-spacer.block-65ebe0-22bc-48 { height: 30px; }\n      }<\/style><div class=\"wp-block-gutenbee-spacer-background\" data-parallax-speed=\"0.3\"><\/div><\/div>\n\n\n\n<div class=\"wp-block-media-text is-style-ignition-korina-animated-images\"><figure class=\"wp-block-media-text__media\"><img width=\"1024\" height=\"683\" src=\"http:\/\/tsaretta.com\/wp-content\/uploads\/2022\/06\/meribel-live-music-venue-1024x683.jpeg\" alt=\"\" class=\"wp-image-114 size-full\" srcset=\"https:\/\/tsaretta.com\/wp-content\/uploads\/2022\/06\/meribel-live-music-venue-1024x683.jpeg 1024w, https:\/\/tsaretta.com\/wp-content\/uploads\/2022\/06\/meribel-live-music-venue-300x200.jpeg 300w, https:\/\/tsaretta.com\/wp-content\/uploads\/2022\/06\/meribel-live-music-venue-768x512.jpeg 768w, https:\/\/tsaretta.com\/wp-content\/uploads\/2022\/06\/meribel-live-music-venue-1536x1025.jpeg 1536w, https:\/\/tsaretta.com\/wp-content\/uploads\/2022\/06\/meribel-live-music-venue-960x640.jpeg 960w, https:\/\/tsaretta.com\/wp-content\/uploads\/2022\/06\/meribel-live-music-venue-615x410.jpeg 615w, https:\/\/tsaretta.com\/wp-content\/uploads\/2022\/06\/meribel-live-music-venue-1170x780.jpeg 1170w, https:\/\/tsaretta.com\/wp-content\/uploads\/2022\/06\/meribel-live-music-venue.jpeg 1800w\" sizes=\"(max-width: 1024px) 100vw, 1024px\" \/><\/figure><div class=\"wp-block-media-text__content\">\n<h3 class=\"theme-animated-title\">La musique<\/h3>\n\n\n\n<p>Nous avons accueilli une longue liste de talents musicaux exceptionnels au fil des ans et notre engagement envers la musique live reste fort. Nous gardons notre calendrier de musique live mis \u00e0 jour tout au long de l'ann\u00e9e.<\/p>\n\n\n\n<div id=\"block-ae2568-3542-4f\" class=\"wp-block-gutenbee-buttons block-ae2568-3542-4f\"><style>.wp-block-gutenbee-buttons.block-ae2568-3542-4f { justify-content: flex-start; }<\/style>\n<div id=\"block-cef832-d144-48\" class=\"wp-block-gutenbee-button block-cef832-d144-48\"><a href=\"https:\/\/tsaretta.com\/fr\/events-1\/\" class=\"gutenbee-block-button-link\">View all tsaretta events<\/a><\/div>\n<\/div>\n<\/div><\/div>\n\n\n\n<div class=\"wp-block-gutenbee-spacer block-a21452-b641-45 gutenbee-hidden-mobile\" aria-hidden=\"true\"><style>.wp-block-gutenbee-spacer.block-a21452-b641-45 { height: 80px; }\n\n\n      @media (max-width: 575px) {\n        .wp-block-gutenbee-spacer.block-a21452-b641-45 { height: 40px; }\n      }<\/style><div class=\"wp-block-gutenbee-spacer-background\" data-parallax-speed=\"0.3\"><\/div><\/div>","protected":false},"excerpt":{"rendered":"<p>We visited as a group of 10 for my daughters birthday. The food was amazing, from the pizzas to steak it was fantastic. Great service, lovely atmosphere and they even [&hellip;]<\/p>","protected":false},"author":1,"featured_media":0,"parent":0,"menu_order":0,"comment_status":"closed","ping_status":"closed","template":"templates\/template-fullwidth-boxed.php","meta":{"_mi_skip_tracking":false,"_EventAllDay":false,"_EventTimezone":"","_EventStartDate":"","_EventEndDate":"","_EventStartDateUTC":"","_EventEndDateUTC":"","_EventShowMap":false,"_EventShowMapLink":false,"_EventURL":"","_EventCost":"","_EventCostDescription":"","_EventCurrencySymbol":"","_EventCurrencyCode":"","_EventCurrencyPosition":"","_EventDateTimeSeparator":"","_EventTimeRangeSeparator":"","_EventOrganizerID":[],"_EventVenueID":0,"_OrganizerEmail":"","_OrganizerPhone":"","_OrganizerWebsite":"","_VenueAddress":"","_VenueCity":"","_VenueCountry":"","_VenueProvince":"","_VenueZip":"","_VenuePhone":"","_VenueURL":"","_VenueStateProvince":"","_VenueLat":"","_VenueLng":""},"_links":{"self":[{"href":"https:\/\/tsaretta.com\/fr\/wp-json\/wp\/v2\/pages\/18"}],"collection":[{"href":"https:\/\/tsaretta.com\/fr\/wp-json\/wp\/v2\/pages"}],"about":[{"href":"https:\/\/tsaretta.com\/fr\/wp-json\/wp\/v2\/types\/page"}],"author":[{"embeddable":true,"href":"https:\/\/tsaretta.com\/fr\/wp-json\/wp\/v2\/users\/1"}],"replies":[{"embeddable":true,"href":"https:\/\/tsaretta.com\/fr\/wp-json\/wp\/v2\/comments?post=18"}],"version-history":[{"count":71,"href":"https:\/\/tsaretta.com\/fr\/wp-json\/wp\/v2\/pages\/18\/revisions"}],"predecessor-version":[{"id":1070,"href":"https:\/\/tsaretta.com\/fr\/wp-json\/wp\/v2\/pages\/18\/revisions\/1070"}],"wp:attachment":[{"href":"https:\/\/tsaretta.com\/fr\/wp-json\/wp\/v2\/media?parent=18"}],"curies":[{"name":"wp","href":"https:\/\/api.w.org\/{rel}","templated":true}]}}